{"id":1750,"date":"2023-11-02T19:51:11","date_gmt":"2023-11-02T18:51:11","guid":{"rendered":"https:\/\/talleresjoman.net\/?page_id=1750"},"modified":"2023-11-02T19:55:34","modified_gmt":"2023-11-02T18:55:34","slug":"politica-de-cookies","status":"publish","type":"page","link":"https:\/\/talleresjoman.net\/index.php\/politica-de-cookies","title":{"rendered":"POL\u00cdTICA DE COOKIES"},"content":{"rendered":"\t\t<div data-elementor-type=\"wp-page\" data-elementor-id=\"1750\" class=\"elementor elementor-1750\">\n\t\t\t\t\t\t<section class=\"elementor-section elementor-top-section elementor-element elementor-element-78cf75b elementor-section-boxed elementor-section-height-default elementor-section-height-default\" data-id=\"78cf75b\" data-element_type=\"section\">\n\t\t\t\t\t\t<div class=\"elementor-container elementor-column-gap-default\">\n\t\t\t\t\t<div class=\"elementor-column elementor-col-100 elementor-top-column elementor-element elementor-element-0731944\" data-id=\"0731944\" data-element_type=\"column\">\n\t\t\t<div class=\"elementor-widget-wrap elementor-element-populated\">\n\t\t\t\t\t\t<div class=\"elementor-element elementor-element-c9b5cec elementor-widget elementor-widget-text-editor\" data-id=\"c9b5cec\" data-element_type=\"widget\" data-widget_type=\"text-editor.default\">\n\t\t\t\t<div class=\"elementor-widget-container\">\n\t\t\t\t\t\t\t<p><br><\/p>\n<h6><b>POL\u00cdTICA DE COOKIES<\/b><\/h6>\n<p><br><\/p>\n<p><b>\u00bfQu\u00e9 son las cookies?<\/b><\/p>\n<p><br><\/p>\n<p>En ingl\u00e9s, el t\u00e9rmino \u201ccookie\u201d significa galleta, pero en el \u00e1mbito de la navegaci\u00f3n web, una<\/p>\n<p>\u201ccookie\u201d es algo completamente distinto.<\/p>\n<p><br><\/p>\n<p>Cuando accedes a nuestra web, en el navegador de tu dispositivo se almacena una peque\u00f1a cantidad de<\/p>\n<p>texto que se denomina \u201ccookie\u201d. Este texto contiene informaci\u00f3n variada sobre tu navegaci\u00f3n,<\/p>\n<p>h\u00e1bitos, preferencias, personalizaciones de contenidos, etc&#8230;<\/p>\n<p><br><\/p>\n<p>Existen otras tecnolog\u00edas que funcionan de manera similar y que tambi\u00e9n se usan para recopilar datos<\/p>\n<p>sobre tu actividad de navegaci\u00f3n. Llamaremos \u201ccookies\u201d a todas estas tecnolog\u00edas en su<\/p>\n<p>conjunto.<\/p>\n<p><br><\/p>\n<p>Los usos concretos que hacemos de estas tecnolog\u00edas se describen en el presente documento.<\/p>\n<p><br><\/p>\n<p><b>\u00bfPara qu\u00e9 se utilizan las cookies en esta web?<\/b><\/p>\n<p><br><\/p>\n<p>Las cookies son una parte esencial de c\u00f3mo funciona nuestro sitio web. El objetivo principal de nuestras<\/p>\n<p>cookies es mejorar tu experiencia en la navegaci\u00f3n. Por ejemplo, para recordar tus preferencias (idioma,<\/p>\n<p>pa\u00eds, etc.) durante la navegaci\u00f3n y en futuras visitas. La informaci\u00f3n recogida en las cookies nos<\/p>\n<p>permite adem\u00e1s mejorar la web, adaptarla a tus intereses como usuario, acelerar las b\u00fasquedas que<\/p>\n<p>realices, etc..<\/p>\n<p><br><\/p>\n<p>En determinados casos, si hemos obtenido tu previo consentimiento informado, podremos utilizar cookies<\/p>\n<p>para otros usos, como por ejemplo para obtener informaci\u00f3n que nos permita mostrarte publicidad basada<\/p>\n<p>en el an\u00e1lisis de tus h\u00e1bitos de navegaci\u00f3n.<\/p>\n<p><br><\/p>\n<p><b>\u00bfPara qu\u00e9 NO se utilizan las cookies en esta web?<\/b><\/p>\n<p><br><\/p>\n<p>En las cookies que utilizamos no se almacena informaci\u00f3n sensible de identificaci\u00f3n personal como tu<\/p>\n<p>nombre, direcci\u00f3n, tu contrase\u00f1a, etc&#8230;<\/p>\n<p><br><\/p>\n<p><b>\u00bfQui\u00e9n utiliza la informaci\u00f3n almacenada en las cookies?<\/b><\/p>\n<p><br><\/p>\n<p>La informaci\u00f3n almacenada en las cookies de nuestro sitio web es utilizada exclusivamente por nosotros,<\/p>\n<p>a excepci\u00f3n de aquellas identificadas m\u00e1s adelante como &#8216;cookie de terceros&#8217;, que son utilizadas y<\/p>\n<p>gestionadas por entidades externas que nos proporcionan servicios que mejoran la experiencia del<\/p>\n<p>usuario. Por ejemplo las estad\u00edsticas que se recogen sobre el n\u00famero de visitas, el contenido que m\u00e1s<\/p>\n<p>gusta, etc&#8230; lo suele gestionar GOOGLE ANALYTICS .<\/p>\n<p><br><\/p><p>Las cookies de terceros tambi\u00e9n se suelen utilizar para garantizar las operaciones de pago realizadas a<\/p>\n<p>trav\u00e9s de la web.<\/p>\n<p><br><\/p><p><b>\u00bfC\u00f3mo puedo evitar el uso de cookies en este sitio web?<\/b><\/p><p><b><br><\/b><\/p>\n<p>Si prefieres evitar el uso de las cookies, puedes RECHAZAR su uso o puedes CONFIGURAR las que<\/p>\n<p>quieres evitar y las que permites utilizar (en este documento te damos informaci\u00f3n ampliada al respecto<\/p>\n<p>de cada tipo de cookie, su finalidad, destinatario, temporalidad, etc&#8230; ).<\/p>\n<p><br><\/p><p>Si las has aceptado, no volveremos a preguntarte a menos que borres las cookies en tu dispositivo seg\u00fan<\/p>\n<p>se indica en el apartado siguiente.<\/p>\n<p><br><\/p><p>Si quieres revocar el consentimiento tendr\u00e1s que eliminar las cookies y volver a configurarlas.<\/p><p><br><\/p>\n<p><b>\u00bfC\u00f3mo deshabilito y elimino la utilizaci\u00f3n de cookies?<\/b><\/p>\n<p><br><\/p><p>Para restringir, bloquear o borrar las cookies de este sitio web (y las usada por terceros) puedes hacerlo,<\/p>\n<p>en cualquier momento, modificando la configuraci\u00f3n de tu navegador. Ten en cuenta que esta<\/p>\n<p>configuraci\u00f3n es diferente en cada navegador, si bien es habitual encontrar la configuraci\u00f3n de cookies<\/p>\n<p>en el men\u00fa &#8216;Preferencias&#8217; &#8216;Herramientas&#8217; \u201cOpciones\u201d y despu\u00e9s en \u201cPrivacidad y<\/p>\n<p>Seguridad\u201d \u00f3 en \u201cborrar datos de navegaci\u00f3n\u201d, etc&#8230;<\/p>\n<p><br><\/p><p>Para m\u00e1s detalle sobre la configuraci\u00f3n de las cookies en cada navegador, puedes consultar el men\u00fa<\/p>\n<p>&#8216;Ayuda&#8217; del mismo..<\/p>\t\t\t\t\t\t<\/div>\n\t\t\t\t<\/div>\n\t\t\t\t\t<\/div>\n\t\t<\/div>\n\t\t\t\t\t<\/div>\n\t\t<\/section>\n\t\t\t\t<\/div>\n\t\t","protected":false},"excerpt":{"rendered":"<p>POL\u00cdTICA DE COOKIES \u00bfQu\u00e9 son las cookies? En ingl\u00e9s, el t\u00e9rmino \u201ccookie\u201d significa galleta, pero en el \u00e1mbito de la navegaci\u00f3n web, una \u201ccookie\u201d es algo completamente distinto. Cuando accedes a nuestra web, en el navegador de tu dispositivo se almacena una peque\u00f1a cantidad de texto que se denomina \u201ccookie\u201d. Este texto contiene informaci\u00f3n variada [&hellip;]<\/p>\n","protected":false},"author":1,"featured_media":0,"parent":0,"menu_order":0,"comment_status":"closed","ping_status":"closed","template":"","meta":{"site-sidebar-layout":"no-sidebar","site-content-layout":"page-builder","ast-site-content-layout":"","site-content-style":"default","site-sidebar-style":"default","ast-global-header-display":"","ast-banner-title-visibility":"","ast-main-header-display":"","ast-hfb-above-header-display":"","ast-hfb-below-header-display":"","ast-hfb-mobile-header-display":"","site-post-title":"disabled","ast-breadcrumbs-content":"","ast-featured-img":"disabled","footer-sml-layout":"","theme-transparent-header-meta":"","adv-header-id-meta":"","stick-header-meta":"","header-above-stick-meta":"","header-main-stick-meta":"","header-below-stick-meta":"","astra-migrate-meta-layouts":"default","ast-page-background-enabled":"default","ast-page-background-meta":{"desktop":{"background-color":"var(--ast-global-color-4)","background-image":"","background-repeat":"repeat","background-position":"center center","background-size":"auto","background-attachment":"scroll","background-type":"","background-media":"","overlay-type":"","overlay-color":"","overlay-opacity":"","overlay-gradient":""},"tablet":{"background-color":"","background-image":"","background-repeat":"repeat","background-position":"center center","background-size":"auto","background-attachment":"scroll","background-type":"","background-media":"","overlay-type":"","overlay-color":"","overlay-opacity":"","overlay-gradient":""},"mobile":{"background-color":"","background-image":"","background-repeat":"repeat","background-position":"center center","background-size":"auto","background-attachment":"scroll","background-type":"","background-media":"","overlay-type":"","overlay-color":"","overlay-opacity":"","overlay-gradient":""}},"ast-content-background-meta":{"desktop":{"background-color":"var(--ast-global-color-5)","background-image":"","background-repeat":"repeat","background-position":"center center","background-size":"auto","background-attachment":"scroll","background-type":"","background-media":"","overlay-type":"","overlay-color":"","overlay-opacity":"","overlay-gradient":""},"tablet":{"background-color":"var(--ast-global-color-5)","background-image":"","background-repeat":"repeat","background-position":"center center","background-size":"auto","background-attachment":"scroll","background-type":"","background-media":"","overlay-type":"","overlay-color":"","overlay-opacity":"","overlay-gradient":""},"mobile":{"background-color":"var(--ast-global-color-5)","background-image":"","background-repeat":"repeat","background-position":"center center","background-size":"auto","background-attachment":"scroll","background-type":"","background-media":"","overlay-type":"","overlay-color":"","overlay-opacity":"","overlay-gradient":""}},"_joinchat":[],"footnotes":""},"class_list":["post-1750","page","type-page","status-publish","hentry"],"_links":{"self":[{"href":"https:\/\/talleresjoman.net\/index.php\/wp-json\/wp\/v2\/pages\/1750"}],"collection":[{"href":"https:\/\/talleresjoman.net\/index.php\/wp-json\/wp\/v2\/pages"}],"about":[{"href":"https:\/\/talleresjoman.net\/index.php\/wp-json\/wp\/v2\/types\/page"}],"author":[{"embeddable":true,"href":"https:\/\/talleresjoman.net\/index.php\/wp-json\/wp\/v2\/users\/1"}],"replies":[{"embeddable":true,"href":"https:\/\/talleresjoman.net\/index.php\/wp-json\/wp\/v2\/comments?post=1750"}],"version-history":[{"count":4,"href":"https:\/\/talleresjoman.net\/index.php\/wp-json\/wp\/v2\/pages\/1750\/revisions"}],"predecessor-version":[{"id":1754,"href":"https:\/\/talleresjoman.net\/index.php\/wp-json\/wp\/v2\/pages\/1750\/revisions\/1754"}],"wp:attachment":[{"href":"https:\/\/talleresjoman.net\/index.php\/wp-json\/wp\/v2\/media?parent=1750"}],"curies":[{"name":"wp","href":"https:\/\/api.w.org\/{rel}","templated":true}]}}